{"id":10,"date":"2024-06-25T22:10:10","date_gmt":"2024-06-25T22:10:10","guid":{"rendered":"https:\/\/mci-residence.com\/agence\/sinscrire\/"},"modified":"2024-06-25T22:10:10","modified_gmt":"2024-06-25T22:10:10","slug":"sinscrire","status":"publish","type":"page","link":"https:\/\/mci-residence.com\/agence\/sinscrire\/","title":{"rendered":"S&rsquo;inscrire"},"content":{"rendered":"<div class=\"es-auth js-es-auth content-font\">\n                    <div class=\"es-auth__item es-auth__login-buttons es-auth__item--hidden\">\n\t        <h3 class=\"heading-font\">Connexion ou Inscription<\/h3>\n\t\n\t        <p>pour enregistrer vos maisons pr\u00e9f\u00e9r\u00e9es et plus encore<\/p>\n\t\n\t\t\t\t\t\t\t        <a href=\"#\" data-auth-item=\"login-form\" class=\"js-es-auth-item__switcher es-btn es-btn--default es-btn--auth \">\n\t\t\tConnectez-vous avec e-mail\n        <\/a>\n\t\n\t        <p class=\"sign-in-text\">Vous n'avez pas de compte\u00a0? <a href=\"#\" data-auth-item=\"buyer-register-buttons\" class=\"js-es-auth-item__switcher\">S'inscrire<\/a><\/p>\n\t\n    <div class=\"es-space\"><\/div>\n<\/div>\n        <div class=\"es-auth__item js-es-auth__login-form es-auth__login-form es-auth__item--hidden\">\n\t        <h3 class=\"heading-font\">Connexion ou Inscription<\/h3>\n\t\n\t        <p>pour enregistrer vos maisons pr\u00e9f\u00e9r\u00e9es et plus encore<\/p>\n\t\n    <div class=\"all-login-back\">\n        <a href=\"#\" data-auth-item=\"login-buttons\" class=\"js-es-auth-item__switcher\">\n            <span class=\"es-icon es-icon_chevron-left\"><\/span>Toutes les options de connexion        <\/a>\n    <\/div>\n\n    <form action=\"\" method=\"POST\">\n\t\t\n                               <div class='es-field es-field__es_user_login es-field--text '>\n                                   <label for='es_user_login-69f9fef831edd'><span class='es-field__label'>Email<\/span><input id=\"es_user_login-69f9fef831edd\" name=\"es_user_login\" class=\"es-field__input\" required=\"required\" autocomplete=\"username\" type=\"text\" value=\"\" \/><\/label>\n                               <\/div>\n                           \n                                   <div class='es-field es-field__es_user_password es-field--password '>\n                                       <label for='es_user_password-69f9fef831f9a'><span class='es-field__label'>Mot de passe<\/span><div class='es-input__wrap'><input id=\"es_user_password-69f9fef831f9a\" name=\"es_user_password\" class=\"es-field__input\" required=\"required\" autocomplete=\"current-password\" type=\"password\" value=\"\" \/><a href='#' class='es-toggle-pwd js-es-toggle-pwd'><span class='es-icon es-icon_eye'><\/span><\/a><\/div><\/label>\n                                   <\/div>\n                                       <div class=\"forgot-pwd\">\n            <a href=\"#\" data-auth-item=\"reset-form\" class=\"js-es-auth-item__switcher\">Mot de passe oubli\u00e9?\n<\/a>\n        <\/div>\n\n\t\t        <input type=\"hidden\" name=\"uniqid\" value=\"69f9fef831fbe\"\/>\n\t\t<input type=\"hidden\" id=\"es_auth_nonce_69f9fef831fbe\" name=\"es_auth_nonce_69f9fef831fbe\" value=\"ae29284804\" \/><input type=\"hidden\" name=\"_wp_http_referer\" value=\"\/agence\/wp-json\/wp\/v2\/pages\/10\" \/>\t            <button type=\"submit\" class=\"es-btn es-btn--primary js-es-btn--login es-btn--login\" disabled>Connexion\n<\/button>\n    <\/form>\n\n\t        <p class=\"sign-in-text\">Vous n'avez pas de compte\u00a0? <a href=\"#\" class=\"js-es-auth-item__switcher\" data-auth-item=\"buyer-register-buttons\">S'inscrire<\/a><\/p>\n\t    <div class=\"es-space\"><\/div>\n<\/div>\n        <div class=\"es-auth__item es-auth__reset-form es-auth__item--hidden\">\n    <h3 class=\"heading-font\">Reset password<\/h3>\n    <p>Entrez votre adresse e-mail et nous vous enverrons un lien pour changer votre mot de passe.<\/p>\n\n    <form action=\"\" method=\"POST\">\n\t\t\n        <input type=\"hidden\" name=\"uniqid\" value=\"69f9fef832038\"\/>\n\n\t\t\t\t\t\n                               <div class='es-field es-field__es_user_email es-field--email '>\n                                   <label for='es_user_email-69f9fef83203d'><span class='es-field__label'>Email<\/span><input id=\"es_user_email-69f9fef83203d\" name=\"es_user_email\" class=\"es-field__input\" required=\"required\" autocomplete=\"username\" type=\"email\" value=\"\" \/><\/label>\n                               <\/div>\n                           \t\t\t<input type=\"hidden\" id=\"es_retrieve_pwd_nonce_69f9fef832038\" name=\"es_retrieve_pwd_nonce_69f9fef832038\" value=\"25e1bce961\" \/><input type=\"hidden\" name=\"_wp_http_referer\" value=\"\/agence\/wp-json\/wp\/v2\/pages\/10\" \/>\t\t\t            <button type=\"submit\" class=\"es-btn es-btn--primary es-btn--reset\">Envoyer le lien de r\u00e9initialisation<\/button>\n\t\t\n        <div><a href=\"#\" data-auth-item=\"login-buttons\" class=\"js-es-auth-item__switcher login-back\"><span class=\"es-icon es-icon_chevron-left\"><\/span>Retour \u00e0 la connexion<\/a><\/div>\n    <\/form>\n    <div class=\"es-space\"><\/div>\n<\/div>\n\t                <div class=\"es-auth__item es-auth__buyer-register-buttons \">\n\t        <h3 class=\"heading-font\">Commencez avec votre compte<\/h3>\n\t\n\t        <p>pour enregistrer vos maisons pr\u00e9f\u00e9r\u00e9es et plus encore<\/p>\n\t\n\t\t\t\t\t\t\t        <a href=\"#\" data-auth-item=\"buyer-register-form\" class=\"js-es-auth-item__switcher es-btn es-btn--default es-btn--auth \">Inscrivez-vous avec l'adresse e-mail<\/a>\n\t\n    <p class=\"sign-in-text\">Vous avez d\u00e9j\u00e0 un compte? <a href=\"#\" data-auth-item=\"login-buttons\" class=\"js-es-auth-item__switcher\">S'identifier<\/a><\/p>\n    <div class=\"es-space\"><\/div>\n<\/div>\n            <div class=\"es-auth__item es-auth__buyer-register-form es-auth__item--hidden\">\n\t        <h3 class=\"heading-font\">Commencez avec votre compte<\/h3>\n\t\n\t        <p>pour enregistrer vos maisons pr\u00e9f\u00e9r\u00e9es et plus encore<\/p>\n\t\n    <div class=\"all-login-back\">\n        <a href=\"#\" class=\"js-es-auth-item__switcher\" data-auth-item=\"buyer-register-buttons\">\n            <span class=\"es-icon es-icon_chevron-left\"><\/span>Toutes les options d'inscription        <\/a>\n    <\/div>\n\n    <form action=\"\" method=\"POST\">\n\t\t        <input type=\"hidden\" name=\"uniqid\" value=\"69f9fef8320d9\"\/>\n        <input type=\"hidden\" id=\"es_register_nonce_69f9fef8320d9\" name=\"es_register_nonce_69f9fef8320d9\" value=\"8620f8f573\" \/><input type=\"hidden\" name=\"_wp_http_referer\" value=\"\/agence\/wp-json\/wp\/v2\/pages\/10\" \/><input id=\"redirect_url-69f9fef8320eb\" name=\"redirect_url\" class=\"es-field__input\" type=\"hidden\" value=\"\" \/><input id=\"es_type-69f9fef832104\" name=\"es_type\" class=\"es-field__input\" type=\"hidden\" value=\"buyer\" \/>\n                               <div class='es-field es-field__es_user_email es-field--email '>\n                                   <label for='es_user_email-69f9fef83211a'><span class='es-field__label'>Email<\/span><input id=\"es_user_email-69f9fef83211a\" name=\"es_user_email\" class=\"es-field__input\" required=\"required\" autocomplete=\"username\" type=\"email\" value=\"\" \/><p class='es-field__description'>Vous l'utiliserez pour vous connecter et nous l'utiliserons pour vous contacter.<\/p><\/label>\n                               <\/div>\n                           \n                                   <div class='es-field es-field__es_user_password es-field--password '>\n                                       <label for='es_user_password-69f9fef83213b'><span class='es-field__label'>Mot de passe<\/span><div class='es-input__wrap'><input id=\"es_user_password-69f9fef83213b\" name=\"es_user_password\" class=\"js-es-password-field es-field__input\" required=\"required\" minlength=\"8\" autocomplete=\"new-password\" type=\"password\" value=\"\" \/><a href='#' class='es-toggle-pwd js-es-toggle-pwd'><span class='es-icon es-icon_eye'><\/span><\/a><\/div><p class='es-field__description'><ul class='es-field__validate-list'>\n                                <li class='es-validate-item es-validate-item__contain'>Ne peut pas contenir le nom ou l'adresse e-mail<\/li>\n                                <li class='es-validate-item es-validate-item__length'>Au moins 8 caract\u00e8res<\/li>\n                                <li class='es-validate-item es-validate-item__char'>Contient un chiffre ou un symbole<\/li>\n                            <\/ul><\/p><\/label>\n                                   <\/div>\n                               \n\t    \n        <button type=\"submit\" disabled class=\"es-btn es-btn--primary es-btn--signup\">S'inscrire<\/button>\n\t\t<div class='es-privacy-policy-container'><div class='es-terms-text'>By clicking the \u00abS'INSCRIRE\u00bb button you agree to the Conditions d'utilisation and Politique de confidentialit\u00e9<\/div><\/div>        <p class=\"sign-in-text\">Vous avez d\u00e9j\u00e0 un compte? <a href=\"#\" class=\"js-es-auth-item__switcher\" data-auth-item=\"login-buttons\">S'identifier<\/a><\/p>\n    <\/form>\n    <div class=\"es-space\"><\/div>\n<\/div>\n            \n    <div class='es-powered content-font'>Powered by <a target='_blank' href='https:\/\/estatik.net'>Estatik<\/a><\/div><\/div>\n\n","protected":false},"excerpt":{"rendered":"","protected":false},"author":1,"featured_media":0,"parent":0,"menu_order":0,"comment_status":"closed","ping_status":"closed","template":"","meta":{"footnotes":""},"class_list":["post-10","page","type-page","status-publish","hentry"],"yoast_head":"<!-- This site is optimized with the Yoast SEO plugin v26.8 - https:\/\/yoast.com\/product\/yoast-seo-wordpress\/ -->\n<title>S&#039;inscrire | MCI R\u00e9sidence<\/title>\n<meta name=\"robots\" content=\"index, follow, max-snippet:-1, max-image-preview:large, max-video-preview:-1\" \/>\n<link rel=\"canonical\" href=\"https:\/\/mci-residence.com\/agence\/sinscrire\/\" \/>\n<meta property=\"og:locale\" content=\"fr_FR\" \/>\n<meta property=\"og:type\" content=\"article\" \/>\n<meta property=\"og:title\" content=\"S&#039;inscrire | MCI R\u00e9sidence\" \/>\n<meta property=\"og:url\" content=\"https:\/\/mci-residence.com\/agence\/sinscrire\/\" \/>\n<meta property=\"og:site_name\" content=\"MCI R\u00e9sidence\" \/>\n<meta property=\"og:image\" content=\"https:\/\/i0.wp.com\/mci-residence.com\/agence\/wp-content\/uploads\/2024\/07\/opengraphe.jpg?fit=1200%2C630&ssl=1\" \/>\n\t<meta property=\"og:image:width\" content=\"1200\" \/>\n\t<meta property=\"og:image:height\" content=\"630\" \/>\n\t<meta property=\"og:image:type\" content=\"image\/jpeg\" \/>\n<meta name=\"twitter:card\" content=\"summary_large_image\" \/>\n<script type=\"application\/ld+json\" class=\"yoast-schema-graph\">{\"@context\":\"https:\/\/schema.org\",\"@graph\":[{\"@type\":\"WebPage\",\"@id\":\"https:\/\/mci-residence.com\/agence\/sinscrire\/\",\"url\":\"https:\/\/mci-residence.com\/agence\/sinscrire\/\",\"name\":\"S'inscrire | MCI R\u00e9sidence\",\"isPartOf\":{\"@id\":\"https:\/\/mci-residence.com\/agence\/#website\"},\"datePublished\":\"2024-06-25T22:10:10+00:00\",\"breadcrumb\":{\"@id\":\"https:\/\/mci-residence.com\/agence\/sinscrire\/#breadcrumb\"},\"inLanguage\":\"fr-FR\",\"potentialAction\":[{\"@type\":\"ReadAction\",\"target\":[\"https:\/\/mci-residence.com\/agence\/sinscrire\/\"]}]},{\"@type\":\"BreadcrumbList\",\"@id\":\"https:\/\/mci-residence.com\/agence\/sinscrire\/#breadcrumb\",\"itemListElement\":[{\"@type\":\"ListItem\",\"position\":1,\"name\":\"Accueil\",\"item\":\"https:\/\/mci-residence.com\/agence\/\"},{\"@type\":\"ListItem\",\"position\":2,\"name\":\"S&rsquo;inscrire\"}]},{\"@type\":\"WebSite\",\"@id\":\"https:\/\/mci-residence.com\/agence\/#website\",\"url\":\"https:\/\/mci-residence.com\/agence\/\",\"name\":\"MCI R\u00e9sidence\",\"description\":\"\",\"potentialAction\":[{\"@type\":\"SearchAction\",\"target\":{\"@type\":\"EntryPoint\",\"urlTemplate\":\"https:\/\/mci-residence.com\/agence\/?s={search_term_string}\"},\"query-input\":{\"@type\":\"PropertyValueSpecification\",\"valueRequired\":true,\"valueName\":\"search_term_string\"}}],\"inLanguage\":\"fr-FR\"}]}<\/script>\n<!-- \/ Yoast SEO plugin. -->","yoast_head_json":{"title":"S'inscrire | MCI R\u00e9sidence","robots":{"index":"index","follow":"follow","max-snippet":"max-snippet:-1","max-image-preview":"max-image-preview:large","max-video-preview":"max-video-preview:-1"},"canonical":"https:\/\/mci-residence.com\/agence\/sinscrire\/","og_locale":"fr_FR","og_type":"article","og_title":"S'inscrire | MCI R\u00e9sidence","og_url":"https:\/\/mci-residence.com\/agence\/sinscrire\/","og_site_name":"MCI R\u00e9sidence","og_image":[{"width":1200,"height":630,"url":"https:\/\/i0.wp.com\/mci-residence.com\/agence\/wp-content\/uploads\/2024\/07\/opengraphe.jpg?fit=1200%2C630&ssl=1","type":"image\/jpeg"}],"twitter_card":"summary_large_image","schema":{"@context":"https:\/\/schema.org","@graph":[{"@type":"WebPage","@id":"https:\/\/mci-residence.com\/agence\/sinscrire\/","url":"https:\/\/mci-residence.com\/agence\/sinscrire\/","name":"S'inscrire | MCI R\u00e9sidence","isPartOf":{"@id":"https:\/\/mci-residence.com\/agence\/#website"},"datePublished":"2024-06-25T22:10:10+00:00","breadcrumb":{"@id":"https:\/\/mci-residence.com\/agence\/sinscrire\/#breadcrumb"},"inLanguage":"fr-FR","potentialAction":[{"@type":"ReadAction","target":["https:\/\/mci-residence.com\/agence\/sinscrire\/"]}]},{"@type":"BreadcrumbList","@id":"https:\/\/mci-residence.com\/agence\/sinscrire\/#breadcrumb","itemListElement":[{"@type":"ListItem","position":1,"name":"Accueil","item":"https:\/\/mci-residence.com\/agence\/"},{"@type":"ListItem","position":2,"name":"S&rsquo;inscrire"}]},{"@type":"WebSite","@id":"https:\/\/mci-residence.com\/agence\/#website","url":"https:\/\/mci-residence.com\/agence\/","name":"MCI R\u00e9sidence","description":"","potentialAction":[{"@type":"SearchAction","target":{"@type":"EntryPoint","urlTemplate":"https:\/\/mci-residence.com\/agence\/?s={search_term_string}"},"query-input":{"@type":"PropertyValueSpecification","valueRequired":true,"valueName":"search_term_string"}}],"inLanguage":"fr-FR"}]}},"_hostinger_reach_plugin_has_subscription_block":false,"_hostinger_reach_plugin_is_elementor":false,"jetpack-related-posts":[{"id":11,"url":"https:\/\/mci-residence.com\/agence\/connexion\/","url_meta":{"origin":10,"position":0},"title":"Connexion","author":"mciresidence","date":"juin 25, 2024","format":false,"excerpt":"","rel":"","context":"Article similaire","block_context":{"text":"Article similaire","link":""},"img":{"alt_text":"","src":"","width":0,"height":0},"classes":[]},{"id":12,"url":"https:\/\/mci-residence.com\/agence\/reinitialiser-le-mot-de-passe\/","url_meta":{"origin":10,"position":1},"title":"R\u00e9initialiser le mot de passe","author":"mciresidence","date":"juin 25, 2024","format":false,"excerpt":"","rel":"","context":"Article similaire","block_context":{"text":"Article similaire","link":""},"img":{"alt_text":"","src":"","width":0,"height":0},"classes":[]}],"jetpack_sharing_enabled":true,"_links":{"self":[{"href":"https:\/\/mci-residence.com\/agence\/wp-json\/wp\/v2\/pages\/10","targetHints":{"allow":["GET"]}}],"collection":[{"href":"https:\/\/mci-residence.com\/agence\/wp-json\/wp\/v2\/pages"}],"about":[{"href":"https:\/\/mci-residence.com\/agence\/wp-json\/wp\/v2\/types\/page"}],"author":[{"embeddable":true,"href":"https:\/\/mci-residence.com\/agence\/wp-json\/wp\/v2\/users\/1"}],"replies":[{"embeddable":true,"href":"https:\/\/mci-residence.com\/agence\/wp-json\/wp\/v2\/comments?post=10"}],"version-history":[{"count":0,"href":"https:\/\/mci-residence.com\/agence\/wp-json\/wp\/v2\/pages\/10\/revisions"}],"wp:attachment":[{"href":"https:\/\/mci-residence.com\/agence\/wp-json\/wp\/v2\/media?parent=10"}],"curies":[{"name":"wp","href":"https:\/\/api.w.org\/{rel}","templated":true}]}}